{"id":50365,"date":"2025-10-23T08:38:14","date_gmt":"2025-10-23T08:38:14","guid":{"rendered":"https:\/\/cultivers.es\/abonos\/adubo-verde-tremoco-amarelo\/"},"modified":"2026-03-14T10:03:42","modified_gmt":"2026-03-14T10:03:42","slug":"adubo-verde-tremoco-amarelo","status":"publish","type":"product","link":"https:\/\/cultivers.es\/pt-pt\/fertilizantes\/adubo-verde-tremoco-amarelo\/","title":{"rendered":"Adubo verde Tremo\u00e7o Amarelo Eco"},"content":{"rendered":"<p>O tremo\u00e7o amarelo, tamb\u00e9m conhecido por tremo\u00e7o lupino, \u00e9 uma planta extraordin\u00e1ria para quem procura melhorar a sua horta ou cultura de uma forma sustent\u00e1vel. Como adubo verde, \u00e9 uma fonte natural de azoto que regenera o solo sem a necessidade de fertilizantes qu\u00edmicos, contribuindo para uma agricultura mais ecol\u00f3gica e respons\u00e1vel. <\/p>\n<p>A sua versatilidade torna-a uma excelente escolha tanto para pomares como para jardins ornamentais. A sua capacidade de fixar o azoto atmosf\u00e9rico no solo gra\u00e7as \u00e0 sua simbiose com bact\u00e9rias do g\u00e9nero Rhizobium permite-lhe melhorar os nutrientes do solo e preparar o solo para as culturas seguintes. \u00c9 ideal nas rota\u00e7\u00f5es agr\u00edcolas, como cultura de cobertura para prote\u00e7\u00e3o contra a eros\u00e3o e como barreira viva contra as ervas daninhas.  <\/p>\n<p>Visualmente \u00e9 tamb\u00e9m uma joia: as suas flores amarelas intensas conferem um ar alegre e campestre a qualquer espa\u00e7o. Atrai naturalmente polinizadores como abelhas e borboletas, promovendo um microecossistema saud\u00e1vel. Ali\u00e1s, um dos seus principais encantos \u00e9 a sua adaptabilidade: cresce muito bem em solos bem drenados, ligeiramente \u00e1cidos e em zonas soalheiras, podendo tamb\u00e9m ser plantada em vasos, o que a torna uma excelente op\u00e7\u00e3o para varandas, p\u00e1tios ou pequenos jardins.  <\/p>\n<p>F\u00e1cil de plantar, de manuten\u00e7\u00e3o reduzida e com m\u00faltiplas fun\u00e7\u00f5es est\u00e9ticas, ecol\u00f3gicas e agron\u00f3micas, o tremo\u00e7o amarelo \u00e9 um investimento na sa\u00fade do solo, na biodiversidade e na beleza natural. Perfeito para quem pratica uma jardinagem sustent\u00e1vel ou deseja integrar t\u00e9cnicas agr\u00edcolas regenerativas, o tremo\u00e7o amarelo \u00e9 muito mais do que uma planta: \u00e9 uma ferramenta viva ao servi\u00e7o do teu solo. <\/p>\n","protected":false},"excerpt":{"rendered":"<p>Adubo verde natural e eficaz: O tremo\u00e7o amarelo \u00e9 uma leguminosa ideal para enriquecer o solo com azoto de forma natural, melhorando a estrutura do solo sem necessidade de adubos qu\u00edmicos.<\/p>\n<p>Ideal como cobertura vegetal org\u00e2nica: Cultiva o tremo\u00e7o como uma cultura de cobertura viva que protege o teu pomar ou jardim da eros\u00e3o e das ervas daninhas, ao mesmo tempo que promove a biodiversidade e evita o esgotamento do solo.<\/p>\n<p>\ud83c\udf1e F\u00e1cil de cultivar e de baixa manuten\u00e7\u00e3o: Esta planta prefere solos ligeiramente \u00e1cidos, bem drenados e locais ensolarados. Perfeita para jardineiros novatos e experientes que procuram resultados descomplicados. <\/p>\n<p>Amigo dos polinizadores: As suas flores amarelas vibrantes n\u00e3o s\u00f3 embelezam o teu jardim, como tamb\u00e9m atraem abelhas e borboletas, ajudando a polinizar as culturas pr\u00f3ximas e promovendo ecossistemas saud\u00e1veis.<\/p>\n<p>Adequado para recipientes e jardins campestres: Gra\u00e7as ao seu h\u00e1bito compacto e facilidade de adapta\u00e7\u00e3o, o tremo\u00e7o amarelo prospera em recipientes e jardins r\u00fasticos, tornando-se uma escolha tanto decorativa como \u00fatil.<\/p>\n","protected":false},"featured_media":50001,"comment_status":"open","ping_status":"closed","template":"","meta":{"_acf_changed":false},"product_brand":[],"product_cat":[1292],"product_tag":[1578],"class_list":{"0":"post-50365","1":"product","2":"type-product","3":"status-publish","4":"has-post-thumbnail","6":"product_cat-coberturas-vegetais-de-adubos-verdes","7":"product_tag-eco","9":"first","10":"instock","11":"taxable","12":"shipping-taxable","13":"purchasable","14":"product-type-simple"},"acf":[],"_links":{"self":[{"href":"https:\/\/cultivers.es\/pt-pt\/wp-json\/wp\/v2\/product\/50365","targetHints":{"allow":["GET"]}}],"collection":[{"href":"https:\/\/cultivers.es\/pt-pt\/wp-json\/wp\/v2\/product"}],"about":[{"href":"https:\/\/cultivers.es\/pt-pt\/wp-json\/wp\/v2\/types\/product"}],"replies":[{"embeddable":true,"href":"https:\/\/cultivers.es\/pt-pt\/wp-json\/wp\/v2\/comments?post=50365"}],"wp:featuredmedia":[{"embeddable":true,"href":"https:\/\/cultivers.es\/pt-pt\/wp-json\/wp\/v2\/media\/50001"}],"wp:attachment":[{"href":"https:\/\/cultivers.es\/pt-pt\/wp-json\/wp\/v2\/media?parent=50365"}],"wp:term":[{"taxonomy":"product_brand","embeddable":true,"href":"https:\/\/cultivers.es\/pt-pt\/wp-json\/wp\/v2\/product_brand?post=50365"},{"taxonomy":"product_cat","embeddable":true,"href":"https:\/\/cultivers.es\/pt-pt\/wp-json\/wp\/v2\/product_cat?post=50365"},{"taxonomy":"product_tag","embeddable":true,"href":"https:\/\/cultivers.es\/pt-pt\/wp-json\/wp\/v2\/product_tag?post=50365"}],"curies":[{"name":"wp","href":"https:\/\/api.w.org\/{rel}","templated":true}]}}