{"id":50367,"date":"2025-11-01T06:50:25","date_gmt":"2025-11-01T06:50:25","guid":{"rendered":"https:\/\/cultivers.es\/abonos\/sementes-de-edamame\/"},"modified":"2026-03-14T10:02:35","modified_gmt":"2026-03-14T10:02:35","slug":"sementes-de-edamame","status":"publish","type":"product","link":"https:\/\/cultivers.es\/pt-pt\/fertilizantes\/sementes-de-edamame\/","title":{"rendered":"Sementes de Edamame Eco"},"content":{"rendered":"","protected":false},"excerpt":{"rendered":"<p>O edamame, tamb\u00e9m conhecido como soja verde, \u00e9 uma leguminosa de origem asi\u00e1tica cultivada pelas suas vagens tenras e saborosas, ricas em prote\u00ednas e minerais. Estas sementes de edamame biol\u00f3gico (Glycine max L.) s\u00e3o ideais para quem procura uma cultura nutritiva, f\u00e1cil de manter e com grande valor culin\u00e1rio. <\/p>\n<p>O seu sabor suave, ligeiramente doce e a noz torna-o um ingrediente perfeito para saladas, sopas, salteados ou como um snack saud\u00e1vel, cozido a vapor com um toque de sal marinho.<\/p>\n<p>As nossas sementes prov\u00eam de agricultura biol\u00f3gica certificada, garantindo plantas vigorosas e uma colheita sem pesticidas ou OGM.<\/p>\n","protected":false},"featured_media":50295,"comment_status":"open","ping_status":"closed","template":"","meta":{"_acf_changed":false},"product_brand":[],"product_cat":[759,427],"product_tag":[1578],"class_list":{"0":"post-50367","1":"product","2":"type-product","3":"status-publish","4":"has-post-thumbnail","6":"product_cat-sementes-de-leguminosas-biologicas","7":"product_cat-sementes-organicas-2","8":"product_tag-eco","10":"first","11":"instock","12":"taxable","13":"shipping-taxable","14":"purchasable","15":"product-type-simple"},"acf":[],"_links":{"self":[{"href":"https:\/\/cultivers.es\/pt-pt\/wp-json\/wp\/v2\/product\/50367","targetHints":{"allow":["GET"]}}],"collection":[{"href":"https:\/\/cultivers.es\/pt-pt\/wp-json\/wp\/v2\/product"}],"about":[{"href":"https:\/\/cultivers.es\/pt-pt\/wp-json\/wp\/v2\/types\/product"}],"replies":[{"embeddable":true,"href":"https:\/\/cultivers.es\/pt-pt\/wp-json\/wp\/v2\/comments?post=50367"}],"wp:featuredmedia":[{"embeddable":true,"href":"https:\/\/cultivers.es\/pt-pt\/wp-json\/wp\/v2\/media\/50295"}],"wp:attachment":[{"href":"https:\/\/cultivers.es\/pt-pt\/wp-json\/wp\/v2\/media?parent=50367"}],"wp:term":[{"taxonomy":"product_brand","embeddable":true,"href":"https:\/\/cultivers.es\/pt-pt\/wp-json\/wp\/v2\/product_brand?post=50367"},{"taxonomy":"product_cat","embeddable":true,"href":"https:\/\/cultivers.es\/pt-pt\/wp-json\/wp\/v2\/product_cat?post=50367"},{"taxonomy":"product_tag","embeddable":true,"href":"https:\/\/cultivers.es\/pt-pt\/wp-json\/wp\/v2\/product_tag?post=50367"}],"curies":[{"name":"wp","href":"https:\/\/api.w.org\/{rel}","templated":true}]}}