{"id":50377,"date":"2025-11-01T06:20:41","date_gmt":"2025-11-01T06:20:41","guid":{"rendered":"https:\/\/cultivers.es\/abonos\/mostarda-microgreen\/"},"modified":"2026-03-14T10:03:23","modified_gmt":"2026-03-14T10:03:23","slug":"mostarda-microgreen","status":"publish","type":"product","link":"https:\/\/cultivers.es\/pt-pt\/fertilizantes\/mostarda-microgreen\/","title":{"rendered":"Mostarda Microgreen Eco"},"content":{"rendered":"","protected":false},"excerpt":{"rendered":"<p>Os rebentos de micro mostarda t\u00eam um sabor distintamente picante, muito semelhante ao da mostarda tradicional. S\u00e3o ricos em vitaminas e minerais, e extremamente vers\u00e1teis como guarni\u00e7\u00e3o ou ingrediente, dando um toque saud\u00e1vel a saladas, sandu\u00edches, sopas e outros pratos. <\/p>\n<p>1. mergulha a base em \u00e1gua at\u00e9 que esteja completamente saturada.<br \/>\n2. distribui as sementes uniformemente sobre a base. N\u00e3o as coloques muito pr\u00f3ximas umas das outras para evitar a forma\u00e7\u00e3o de bolor.<br \/>\n3. Coloca a caixa num local ensolarado \u00e0 temperatura ambiente e mant\u00e9m a base sempre h\u00famida.<br \/>\n4. Colhe ap\u00f3s 7-8 dias, quando as plantas tiverem cerca de 5-7 cm de altura. Corta as plantas logo acima da borda da caixa. Lava bem antes de consumir. Os restos da caixa s\u00e3o completamente compost\u00e1veis.    <\/p>\n","protected":false},"featured_media":50275,"comment_status":"open","ping_status":"closed","template":"","meta":{"_acf_changed":false},"product_brand":[],"product_cat":[739,427],"product_tag":[1578],"class_list":{"0":"post-50377","1":"product","2":"type-product","3":"status-publish","4":"has-post-thumbnail","6":"product_cat-microgreen-ecologico-pt-pt","7":"product_cat-sementes-organicas-2","8":"product_tag-eco","10":"first","11":"instock","12":"sale","13":"taxable","14":"shipping-taxable","15":"purchasable","16":"product-type-simple"},"acf":[],"_links":{"self":[{"href":"https:\/\/cultivers.es\/pt-pt\/wp-json\/wp\/v2\/product\/50377","targetHints":{"allow":["GET"]}}],"collection":[{"href":"https:\/\/cultivers.es\/pt-pt\/wp-json\/wp\/v2\/product"}],"about":[{"href":"https:\/\/cultivers.es\/pt-pt\/wp-json\/wp\/v2\/types\/product"}],"replies":[{"embeddable":true,"href":"https:\/\/cultivers.es\/pt-pt\/wp-json\/wp\/v2\/comments?post=50377"}],"wp:featuredmedia":[{"embeddable":true,"href":"https:\/\/cultivers.es\/pt-pt\/wp-json\/wp\/v2\/media\/50275"}],"wp:attachment":[{"href":"https:\/\/cultivers.es\/pt-pt\/wp-json\/wp\/v2\/media?parent=50377"}],"wp:term":[{"taxonomy":"product_brand","embeddable":true,"href":"https:\/\/cultivers.es\/pt-pt\/wp-json\/wp\/v2\/product_brand?post=50377"},{"taxonomy":"product_cat","embeddable":true,"href":"https:\/\/cultivers.es\/pt-pt\/wp-json\/wp\/v2\/product_cat?post=50377"},{"taxonomy":"product_tag","embeddable":true,"href":"https:\/\/cultivers.es\/pt-pt\/wp-json\/wp\/v2\/product_tag?post=50377"}],"curies":[{"name":"wp","href":"https:\/\/api.w.org\/{rel}","templated":true}]}}